{"id":291,"date":"2025-07-17T08:54:48","date_gmt":"2025-07-17T08:54:48","guid":{"rendered":"https:\/\/btv-ehdv.be\/home\/"},"modified":"2025-10-15T09:56:29","modified_gmt":"2025-10-15T09:56:29","slug":"home","status":"publish","type":"page","link":"https:\/\/btv-ehdv.be\/de\/","title":{"rendered":"Home"},"content":{"rendered":"<div class=\"wpb-content-wrapper\"><p>[vc_row css=&#8220;.vc_custom_1752742609471{margin-top: 5% !important;margin-bottom: 5% !important;}&#8220;][vc_column width=&#8220;1\/2&#8243;][vc_column_text css=&#8220;&#8220;]<\/p>\n<h1>Pflichtimpfkampagne<br \/>\n2025<\/h1>\n<p>[\/vc_column_text][vc_row_inner][vc_column_inner width=&#8220;5\/6&#8243;][vc_single_image image=&#8220;862&#8243; img_size=&#8220;full&#8220; css=&#8220;.vc_custom_1756881122697{border-top-width: 0px !important;border-right-width: 0px !important;border-bottom-width: 0px !important;border-left-width: 0px !important;border-radius: 10px !important;}&#8220; el_class=&#8220;roundedcorners10&#8243;][\/vc_column_inner][vc_column_inner width=&#8220;1\/6&#8243;][\/vc_column_inner][\/vc_row_inner][\/vc_column][vc_column width=&#8220;1\/2&#8243; el_class=&#8220;paddingrightsmall&#8220;][vc_column_text css=&#8220;&#8220;]Im Jahr 2024 wurde Belgien erneut mit einem Auftreten der Blauzungenkrankheit (BTV) konfrontiert, einer viralen Krankheit, die durch blutsaugende M\u00fccken, den Gnitzen, \u00fcbertragen wird und haupts\u00e4chlich Wiederk\u00e4uer betrifft. Der Serotyp 3 dieser Krankheit (BTV3) wurde in belgischen Betrieben nachgewiesen und hatte schwerwiegende Folgen f\u00fcr die Tiergesundheit und den Handel. Unterdessen breiten sich der Serotyp 8 der Blauzungenkrankheit (BTV8) und der Serotyp 8 der Epizootischen H\u00e4morrhagischen Krankheit (EHK) in und von Frankreich weiter aus, was im Jahr 2025 die Risiken f\u00fcr unsere Betriebe erh\u00f6ht.<\/p>\n<p>Angesichts dieser Situation und des Risikos eines erneuten Ausbruchs im Jahr 2025 hat Landwirtschaftsminister Clarinval beschlossen, die Impfpflicht gegen diese drei Viren einzuf\u00fchren. Diese Ma\u00dfnahme soll die belgischen Herden wirksam sch\u00fctzen, die Verbreitung der Viren auf unserem Territorium eind\u00e4mmen und die Wettbewerbsf\u00e4higkeit der landwirtschaftlichen Sektoren sichern.<\/p>\n<p>Zur finanziellen Unterst\u00fctzung wurde ein Budget bereitgestellt, um die Kosten dieser Impfung f\u00fcr Tierhalter zu senken.<\/p>\n<p>Die Seiten der Website \u00abImpfkampagne 2025\u00bb sollen Sie Ihnen dabei helfen, diese Kampagne abh\u00e4ngig von Ihrer Rolle erfolgreich umzusetzen:[\/vc_column_text][\/vc_column][\/vc_row][vc_row gap=&#8220;25&#8243; equal_height=&#8220;yes&#8220; css=&#8220;.vc_custom_1752747230129{margin-bottom: 7% !important;}&#8220;][vc_column width=&#8220;1\/3&#8243; css=&#8220;.vc_custom_1752764748834{padding-top: 25px !important;padding-right: 25px !important;padding-bottom: 25px !important;padding-left: 25px !important;background-color: #E59327 !important;border-radius: 10px !important;}&#8220;][vc_column_text css=&#8220;&#8220; el_class=&#8220;minheight1&#8243;]<\/p>\n<h3><img decoding=\"async\" class=\"svgicon\" src=\"https:\/\/btv-ehdv.be\/wp-content\/uploads\/2025\/07\/rundvee.svg\" \/><span class=\"offsettxt\">Ich bin Rinderhalter<\/span><\/h3>\n<p>[\/vc_column_text][vc_raw_html css=&#8220;.vc_custom_1756892198533{margin-bottom: 0px !important;padding-bottom: 0px !important;}&#8220;]JTNDYSUyMGhyZWYlM0QlMjIlMkZkZSUyRmljaC1iaW4tcmluZGVyaGFsdGVyJTJGJTIyJTIwY2xhc3MlM0QlMjJvdXRsaW5lYnV0dG9uMSUyMiUzRVdlaXRlcmUlMjBJbmZvcm1hdGlvbmVuJTNDJTJGYSUzRSUwQQ==[\/vc_raw_html][\/vc_column][vc_column width=&#8220;1\/3&#8243; css=&#8220;.vc_custom_1752764764512{padding-top: 25px !important;padding-right: 25px !important;padding-bottom: 25px !important;padding-left: 25px !important;background-color: #4A2709 !important;border-radius: 10px !important;}&#8220;][vc_column_text css=&#8220;&#8220; el_class=&#8220;minheight1 white&#8220;]<\/p>\n<h3><img decoding=\"async\" class=\"svgicon\" src=\"https:\/\/btv-ehdv.be\/wp-content\/uploads\/2025\/07\/schaap.svg\" \/><span class=\"offsettxt\">Ich bin Schafhalter<\/span><\/h3>\n<p>[\/vc_column_text][vc_raw_html css=&#8220;.vc_custom_1756891756085{margin-bottom: 0px !important;padding-bottom: 0px !important;}&#8220;]JTNDYSUyMGhyZWYlM0QlMjJodHRwcyUzQSUyRiUyRmJ0di1laGR2LmJlJTJGZGUlMkZpY2gtYmluLXNjaGFmaGFsdGVyJTJGJTIyJTIwY2xhc3MlM0QlMjJvdXRsaW5lYnV0dG9uMSUyMiUzRVdlaXRlcmUlMjBJbmZvcm1hdGlvbmVuJTNDJTJGYSUzRSUwQSUwQSUwQQ==[\/vc_raw_html][\/vc_column][vc_column width=&#8220;1\/3&#8243; css=&#8220;.vc_custom_1752764779153{padding-top: 25px !important;padding-right: 25px !important;padding-bottom: 25px !important;padding-left: 25px !important;background-color: #CDE2F5 !important;border-radius: 10px !important;}&#8220;][vc_column_text css=&#8220;&#8220; el_class=&#8220;minheight1&#8243;]<\/p>\n<h3><img decoding=\"async\" class=\"svgicon\" src=\"https:\/\/btv-ehdv.be\/wp-content\/uploads\/2025\/07\/dierenarts.svg\" \/><span class=\"offsettxt\">Ich bin Tierarzt<\/span><\/h3>\n<p>[\/vc_column_text][vc_raw_html css=&#8220;.vc_custom_1756891774503{margin-bottom: 0px !important;padding-bottom: 0px !important;}&#8220;]JTNDYSUyMGhyZWYlM0QlMjJodHRwcyUzQSUyRiUyRmJ0di1laGR2LmJlJTJGZGUlMkZpY2gtYmluLXRpZXJhcnp0JTJGJTIyJTIwY2xhc3MlM0QlMjJvdXRsaW5lYnV0dG9uMSUyMiUzRVdlaXRlcmUlMjBJbmZvcm1hdGlvbmVuJTNDJTJGYSUzRSUwQQ==[\/vc_raw_html][\/vc_column][\/vc_row][vc_row full_width=&#8220;stretch_row&#8220; gap=&#8220;35&#8243; css=&#8220;.vc_custom_1752764932995{margin-bottom: 0px !important;padding-top: 0px !important;padding-bottom: 25px !important;background-color: #09484A !important;}&#8220;][vc_column][vc_row_inner][vc_column_inner][vc_column_text css=&#8220;&#8220; el_class=&#8220;sectiontitle white&#8220;]DAS KAMPAGNENBAROMETER[\/vc_column_text][\/vc_column_inner][\/vc_row_inner][vc_row_inner gap=&#8220;35&#8243;][vc_column_inner width=&#8220;6\/12&#8243;][vc_column_text css=&#8220;.vc_custom_1752747510084{margin-bottom: 20px !important;}&#8220; el_class=&#8220;white&#8220;]<\/p>\n<h2>Fortgang der Tierimpfungen<\/h2>\n<p>[\/vc_column_text][vc_column_text css=&#8220;&#8220; el_class=&#8220;white&#8220;]Diese Daten spiegeln die Situation vor Ort nicht perfekt wider, da die Tier\u00e4rzte eine gewisse Zeit ben\u00f6tigen, um die durchgef\u00fchrten Impfungen zu erfassen, aber auch, weil IT-Probleme im Zusammenhang mit der \u00dcbertragung von Daten von der Veterin\u00e4rsoftware zu Sanitel noch gel\u00f6st werden m\u00fcssen.[\/vc_column_text][vc_column_text css=&#8220;&#8220; el_class=&#8220;white&#8220;]Die Schwelle von 100 % geimpften Tieren entspricht der Anzahl der Tiere, die am 31. Dezember 2024 in den Betrieben vorhanden waren. Das \u00dcberschreiten der 100 % geimpften Tiere l\u00e4sst sich durch die Registrierung von Impfungen erkl\u00e4ren, die zu diesem Zeitpunkt nicht abgesch\u00e4tzt werden konnten, n\u00e4mlich solche, die jungen Tieren verabreicht wurden, die im Jahr 2025 geboren wurden, sowie solche, die bei der Einf\u00fchrung neuer Tiere in eine Herde (Zuk\u00e4ufe) verabreicht wurden.[\/vc_column_text][\/vc_column_inner][vc_column_inner width=&#8220;3\/12&#8243; css=&#8220;.vc_custom_1752747601909{padding-top: 5px !important;padding-right: 5px !important;padding-bottom: 5px !important;padding-left: 5px !important;background-color: #FFFFFF !important;border-radius: 5px !important;}&#8220;][vc_column_text css=&#8220;&#8220;]<\/p>\n<p style=\"text-align: center;\">Rinder<\/p>\n<p>[\/vc_column_text][vc_column_text css=&#8220;&#8220;]<\/p>\n<p class=\"p1\">    <div class=\"grafiek-container runderen-container\" style=\"max-width:600px; margin:40px auto;\">\r\n        <canvas id=\"runderenChart\"><\/canvas>\r\n    <\/div>\r\n\r\n    <script>\r\n    function createRunderenChart() {\r\n        const ctx = document.getElementById('runderenChart').getContext('2d');\r\n        new Chart(ctx, {\r\n            type: 'bar',\r\n            data: {\r\n                labels: ['BTV3', 'BTV8', 'EHDV'],\r\n                datasets: [{\r\n                    label: '% Positief',\r\n                    data: [109.07, 96.79, 98.55],\r\n                    backgroundColor: ['#E59327', '#CDE2F5', '#4A2709'],\r\n                    borderRadius: 8,\r\n                    borderSkipped: false\r\n                }]\r\n            },\r\n            options: {\r\n                responsive: true,\r\n                animation: {\r\n                    duration: 3000,\r\n                    easing: 'easeOutBounce'\r\n                },\r\n                plugins: {\r\n                    tooltip: {\r\n                        callbacks: {\r\n                            label: ctx => ctx.raw + '%'\r\n                        }\r\n                    },\r\n                    legend: {\r\n                        display: false\r\n                    },\r\n                    datalabels: {\r\n                        color: function(ctx) {\r\n                            const colors = ['#000000', '#000000', '#ffffff'];\r\n                            return colors[ctx.dataIndex] || '#000';\r\n                        },\r\n                        anchor: 'end',\r\n                        align: 'start',\r\n                        formatter: function(value) {\r\n                            return value + '%';\r\n                        },\r\n                        font: {\r\n                            weight: 'bold',\r\n                            size: 13\r\n                        }\r\n                    }\r\n                },\r\n                scales: {\r\n                    y: {\r\n                        beginAtZero: true,\r\n                        ticks: {\r\n                            callback: value => value + '%'\r\n                        }\r\n                    }\r\n                }\r\n            },\r\n            plugins: [ChartDataLabels]\r\n        });\r\n    }\r\n\r\n    document.addEventListener('DOMContentLoaded', function () {\r\n        const target = document.querySelector('.runderen-container');\r\n        let chartInitialized = false;\r\n\r\n        const observer = new IntersectionObserver((entries, observer) => {\r\n            entries.forEach(entry => {\r\n                if (entry.isIntersecting && !chartInitialized) {\r\n                    createRunderenChart();\r\n                    chartInitialized = true;\r\n                    observer.unobserve(entry.target);\r\n                }\r\n            });\r\n        }, {\r\n            threshold: 0.3\r\n        });\r\n\r\n        if (target) {\r\n            observer.observe(target);\r\n        }\r\n    });\r\n    <\/script>\r\n    <\/p>\n<p>[\/vc_column_text][\/vc_column_inner][vc_column_inner width=&#8220;3\/12&#8243; css=&#8220;.vc_custom_1752747607923{padding-top: 5px !important;padding-right: 5px !important;padding-bottom: 5px !important;padding-left: 5px !important;background-color: #FFFFFF !important;border-radius: 5px !important;}&#8220;][vc_column_text css=&#8220;&#8220;]<\/p>\n<p style=\"text-align: center;\">Schaf<\/p>\n<p>[\/vc_column_text][vc_column_text css=&#8220;&#8220;]<\/p>\n<p class=\"p1\">    <div class=\"grafiek-container\" style=\"max-width:600px; margin:40px auto;\">\r\n        <canvas id=\"schapenChart\"><\/canvas>\r\n    <\/div>\r\n\r\n    <script>\r\n    function createSchapenChart() {\r\n        const ctx = document.getElementById('schapenChart').getContext('2d');\r\n        new Chart(ctx, {\r\n            type: 'bar',\r\n            data: {\r\n                labels: ['BTV3', 'BTV8'],\r\n                datasets: [{\r\n                    label: '% Positief',\r\n                    data: [143.74, 98.73],\r\n                    backgroundColor: ['#E59327', '#CDE2F5'],\r\n                    borderRadius: 8,\r\n                    borderSkipped: false\r\n                }]\r\n            },\r\n            options: {\r\n                responsive: true,\r\n                animation: {\r\n                    duration: 3000,\r\n                    easing: 'easeOutBounce'\r\n                },\r\n                plugins: {\r\n                    tooltip: {\r\n                        callbacks: {\r\n                            label: ctx => ctx.raw + '%'\r\n                        }\r\n                    },\r\n                    legend: {\r\n                        display: false\r\n                    },\r\n                    datalabels: {\r\n                        color: function(ctx) {\r\n                            const colors = ['#000000', '#000000']; \/\/ per staaf tekstkleur\r\n                            return colors[ctx.dataIndex] || '#000';\r\n                        },\r\n                        anchor: 'end',\r\n                        align: 'start',\r\n                        formatter: function(value) {\r\n                            return value + '%';\r\n                        },\r\n                        font: {\r\n                            weight: 'bold',\r\n                            size: 13\r\n                        }\r\n                    }\r\n                },\r\n                scales: {\r\n                    y: {\r\n                        beginAtZero: true,\r\n                        ticks: {\r\n                            callback: value => value + '%'\r\n                        }\r\n                    }\r\n                }\r\n            },\r\n            plugins: [ChartDataLabels]\r\n        });\r\n    }\r\n\r\n    document.addEventListener('DOMContentLoaded', function () {\r\n        const target = document.querySelector('.grafiek-container');\r\n        let chartInitialized = false;\r\n\r\n        const observer = new IntersectionObserver((entries, observer) => {\r\n            entries.forEach(entry => {\r\n                if (entry.isIntersecting && !chartInitialized) {\r\n                    createSchapenChart();\r\n                    chartInitialized = true;\r\n                    observer.unobserve(entry.target);\r\n                }\r\n            });\r\n        }, {\r\n            threshold: 0.3 \/\/ 30% zichtbaar in viewport\r\n        });\r\n\r\n        if (target) {\r\n            observer.observe(target);\r\n        }\r\n    });\r\n    <\/script>\r\n    <\/p>\n<p>[\/vc_column_text][\/vc_column_inner][\/vc_row_inner][\/vc_column][\/vc_row][vc_row full_width=&#8220;stretch_row&#8220; gap=&#8220;35&#8243; css=&#8220;.vc_custom_1752764967575{margin-bottom: 0px !important;padding-top: 0px !important;padding-bottom: 50px !important;background-color: #E5932733 !important;}&#8220;][vc_column][vc_row_inner][vc_column_inner][vc_column_text css=&#8220;&#8220; el_class=&#8220;sectiontitle&#8220;]DAS KAMPAGNENBAROMETER[\/vc_column_text][\/vc_column_inner][\/vc_row_inner][vc_row_inner gap=&#8220;35&#8243;][vc_column_inner width=&#8220;1\/2&#8243;][vc_column_text css=&#8220;.vc_custom_1752748063331{margin-bottom: 20px !important;}&#8220;]<\/p>\n<h2>Impfstoffverf\u00fcgbarkeit<\/h2>\n<p>[\/vc_column_text][vc_column_text css=&#8220;&#8220; el_class=&#8220;paddingrightsmall&#8220;]Die Impfkampagne betrifft 3 Krankheiten (BTV3, BTV8 und EHDV). Es gibt 8 verschiedene Impfstoffe, die f\u00fcr diese Krankheiten zugelassen sind (3 f\u00fcr BTV3, 3 f\u00fcr BTV8 und 2 f\u00fcr EHDV).<br \/>\nDie Hersteller wurden sofort nach der Entscheidung informiert, die Impfung in Belgien im Jahr 2024 zu verpflichten, doch bevor die Impfstoffe die Tier\u00e4rzte erreichen k\u00f6nnen, m\u00fcssen noch mehrere Schritte unternommen werden.<\/p>\n<p>Es ist auch zu beachten, dass es den Herstellern freisteht zu entscheiden, wie viele Dosen sie nach Belgien schicken wollen, da auch in den anderen Mitgliedstaaten ein dringender Bedarf besteht.<br \/>\nWir haben unsere Bed\u00fcrfnisse f\u00fcr die Umsetzung der Kampagne bekannt gemacht und stehen in regelm\u00e4\u00dfigem Kontakt auf allen Ebenen. Einige haben sich bereit erkl\u00e4rt, ihre Versorgungsprognosen mitzuteilen, auf deren Grundlage die Prognosetabelle angepasst wurde. Dies ist f\u00fcr sie keineswegs eine Verpflichtung, und wir danken ihnen f\u00fcr ihre freundliche Zusammenarbeit.[\/vc_column_text][\/vc_column_inner][vc_column_inner width=&#8220;1\/2&#8243; css=&#8220;.vc_custom_1752748150155{border-top-width: 1px !important;border-right-width: 1px !important;border-bottom-width: 1px !important;border-left-width: 1px !important;padding-top: 10px !important;padding-right: 10px !important;padding-bottom: 10px !important;padding-left: 10px !important;background-color: #FFFFFF !important;border-left-style: solid !important;border-right-style: solid !important;border-top-style: solid !important;border-bottom-style: solid !important;border-radius: 5px !important;border-color: #D2D2D2 !important;}&#8220;][vc_single_image image=&#8220;875&#8243; img_size=&#8220;full&#8220; css=&#8220;&#8220;][\/vc_column_inner][\/vc_row_inner][\/vc_column][\/vc_row]<\/p>\n<\/div>","protected":false},"excerpt":{"rendered":"<p>[vc_row css=&#8220;.vc_custom_1752742609471{margin-top: 5% !important;margin-bottom: 5% !important;}&#8220;][vc_column width=&#8220;1\/2&#8243;][vc_column_text css=&#8220;&#8220;] Pflichtimpfkampagne 2025 [\/vc_column_text][vc_row_inner][vc_column_inner width=&#8220;5\/6&#8243;][vc_single_image image=&#8220;862&#8243; img_size=&#8220;full&#8220; css=&#8220;.vc_custom_1756881122697{border-top-width: 0px !important;border-right-width: 0px !important;border-bottom-width: 0px !important;border-left-width: 0px !important;border-radius: 10px !important;}&#8220; el_class=&#8220;roundedcorners10&#8243;][\/vc_column_inner][vc_column_inner width=&#8220;1\/6&#8243;][\/vc_column_inner][\/vc_row_inner][\/vc_column][vc_column width=&#8220;1\/2&#8243; el_class=&#8220;paddingrightsmall&#8220;][vc_column_text css=&#8220;&#8220;]Im Jahr 2024 wurde Belgien erneut mit einem Auftreten der Blauzungenkrankheit (BTV) konfrontiert, einer viralen Krankheit, die durch blutsaugende M\u00fccken, den Gnitzen, \u00fcbertragen wird und haupts\u00e4chlich&hellip;&nbsp;<a href=\"https:\/\/btv-ehdv.be\/de\/\" rel=\"bookmark\"><span class=\"screen-reader-text\">Home<\/span><\/a><\/p>\n","protected":false},"author":1,"featured_media":0,"parent":0,"menu_order":0,"comment_status":"closed","ping_status":"closed","template":"","meta":{"_acf_changed":false,"inline_featured_image":false,"neve_meta_sidebar":"","neve_meta_container":"","neve_meta_enable_content_width":"off","neve_meta_content_width":100,"neve_meta_title_alignment":"","neve_meta_author_avatar":"","neve_post_elements_order":"","neve_meta_disable_header":"","neve_meta_disable_footer":"","neve_meta_disable_title":"on","neve_meta_reading_time":"","footnotes":""},"class_list":["post-291","page","type-page","status-publish","hentry"],"acf":[],"yoast_head":"<!-- This site is optimized with the Yoast SEO plugin v26.8 - https:\/\/yoast.com\/product\/yoast-seo-wordpress\/ -->\n<title>Home - BTV-EHDV<\/title>\n<meta name=\"robots\" content=\"index, follow, max-snippet:-1, max-image-preview:large, max-video-preview:-1\" \/>\n<link rel=\"canonical\" href=\"https:\/\/btv-ehdv.be\/de\/\" \/>\n<meta property=\"og:locale\" content=\"de_DE\" \/>\n<meta property=\"og:type\" content=\"article\" \/>\n<meta property=\"og:title\" content=\"Home - BTV-EHDV\" \/>\n<meta property=\"og:description\" content=\"[vc_row css=&#8220;.vc_custom_1752742609471{margin-top: 5% !important;margin-bottom: 5% !important;}&#8220;][vc_column width=&#8220;1\/2&#8243;][vc_column_text css=&#8220;&#8220;] Pflichtimpfkampagne 2025 [\/vc_column_text][vc_row_inner][vc_column_inner width=&#8220;5\/6&#8243;][vc_single_image image=&#8220;862&#8243; img_size=&#8220;full&#8220; css=&#8220;.vc_custom_1756881122697{border-top-width: 0px !important;border-right-width: 0px !important;border-bottom-width: 0px !important;border-left-width: 0px !important;border-radius: 10px !important;}&#8220; el_class=&#8220;roundedcorners10&#8243;][\/vc_column_inner][vc_column_inner width=&#8220;1\/6&#8243;][\/vc_column_inner][\/vc_row_inner][\/vc_column][vc_column width=&#8220;1\/2&#8243; el_class=&#8220;paddingrightsmall&#8220;][vc_column_text css=&#8220;&#8220;]Im Jahr 2024 wurde Belgien erneut mit einem Auftreten der Blauzungenkrankheit (BTV) konfrontiert, einer viralen Krankheit, die durch blutsaugende M\u00fccken, den Gnitzen, \u00fcbertragen wird und haupts\u00e4chlich&hellip;&nbsp;Home\" \/>\n<meta property=\"og:url\" content=\"https:\/\/btv-ehdv.be\/de\/\" \/>\n<meta property=\"og:site_name\" content=\"BTV-EHDV\" \/>\n<meta property=\"article:modified_time\" content=\"2025-10-15T09:56:29+00:00\" \/>\n<meta property=\"og:image\" content=\"https:\/\/btv-ehdv.be\/wp-content\/uploads\/2025\/07\/rundvee.svg\" \/>\n<meta name=\"twitter:card\" content=\"summary_large_image\" \/>\n<meta name=\"twitter:label1\" content=\"Gesch\u00e4tzte Lesezeit\" \/>\n\t<meta name=\"twitter:data1\" content=\"5\u00a0Minuten\" \/>\n<script type=\"application\/ld+json\" class=\"yoast-schema-graph\">{\"@context\":\"https:\/\/schema.org\",\"@graph\":[{\"@type\":\"WebPage\",\"@id\":\"https:\/\/btv-ehdv.be\/de\/\",\"url\":\"https:\/\/btv-ehdv.be\/de\/\",\"name\":\"Home - BTV-EHDV\",\"isPartOf\":{\"@id\":\"https:\/\/btv-ehdv.be\/de\/#website\"},\"primaryImageOfPage\":{\"@id\":\"https:\/\/btv-ehdv.be\/de\/#primaryimage\"},\"image\":{\"@id\":\"https:\/\/btv-ehdv.be\/de\/#primaryimage\"},\"thumbnailUrl\":\"https:\/\/btv-ehdv.be\/wp-content\/uploads\/2025\/07\/rundvee.svg\",\"datePublished\":\"2025-07-17T08:54:48+00:00\",\"dateModified\":\"2025-10-15T09:56:29+00:00\",\"breadcrumb\":{\"@id\":\"https:\/\/btv-ehdv.be\/de\/#breadcrumb\"},\"inLanguage\":\"de\",\"potentialAction\":[{\"@type\":\"ReadAction\",\"target\":[\"https:\/\/btv-ehdv.be\/de\/\"]}]},{\"@type\":\"ImageObject\",\"inLanguage\":\"de\",\"@id\":\"https:\/\/btv-ehdv.be\/de\/#primaryimage\",\"url\":\"https:\/\/btv-ehdv.be\/wp-content\/uploads\/2025\/07\/rundvee.svg\",\"contentUrl\":\"https:\/\/btv-ehdv.be\/wp-content\/uploads\/2025\/07\/rundvee.svg\"},{\"@type\":\"BreadcrumbList\",\"@id\":\"https:\/\/btv-ehdv.be\/de\/#breadcrumb\",\"itemListElement\":[{\"@type\":\"ListItem\",\"position\":1,\"name\":\"Home\",\"item\":\"https:\/\/btv-ehdv.be\/de\/\"},{\"@type\":\"ListItem\",\"position\":2,\"name\":\"Home\"}]},{\"@type\":\"WebSite\",\"@id\":\"https:\/\/btv-ehdv.be\/de\/#website\",\"url\":\"https:\/\/btv-ehdv.be\/de\/\",\"name\":\"BTV-EHDV\",\"description\":\"\",\"potentialAction\":[{\"@type\":\"SearchAction\",\"target\":{\"@type\":\"EntryPoint\",\"urlTemplate\":\"https:\/\/btv-ehdv.be\/de\/?s={search_term_string}\"},\"query-input\":{\"@type\":\"PropertyValueSpecification\",\"valueRequired\":true,\"valueName\":\"search_term_string\"}}],\"inLanguage\":\"de\"}]}<\/script>\n<!-- \/ Yoast SEO plugin. -->","yoast_head_json":{"title":"Home - BTV-EHDV","robots":{"index":"index","follow":"follow","max-snippet":"max-snippet:-1","max-image-preview":"max-image-preview:large","max-video-preview":"max-video-preview:-1"},"canonical":"https:\/\/btv-ehdv.be\/de\/","og_locale":"de_DE","og_type":"article","og_title":"Home - BTV-EHDV","og_description":"[vc_row css=&#8220;.vc_custom_1752742609471{margin-top: 5% !important;margin-bottom: 5% !important;}&#8220;][vc_column width=&#8220;1\/2&#8243;][vc_column_text css=&#8220;&#8220;] Pflichtimpfkampagne 2025 [\/vc_column_text][vc_row_inner][vc_column_inner width=&#8220;5\/6&#8243;][vc_single_image image=&#8220;862&#8243; img_size=&#8220;full&#8220; css=&#8220;.vc_custom_1756881122697{border-top-width: 0px !important;border-right-width: 0px !important;border-bottom-width: 0px !important;border-left-width: 0px !important;border-radius: 10px !important;}&#8220; el_class=&#8220;roundedcorners10&#8243;][\/vc_column_inner][vc_column_inner width=&#8220;1\/6&#8243;][\/vc_column_inner][\/vc_row_inner][\/vc_column][vc_column width=&#8220;1\/2&#8243; el_class=&#8220;paddingrightsmall&#8220;][vc_column_text css=&#8220;&#8220;]Im Jahr 2024 wurde Belgien erneut mit einem Auftreten der Blauzungenkrankheit (BTV) konfrontiert, einer viralen Krankheit, die durch blutsaugende M\u00fccken, den Gnitzen, \u00fcbertragen wird und haupts\u00e4chlich&hellip;&nbsp;Home","og_url":"https:\/\/btv-ehdv.be\/de\/","og_site_name":"BTV-EHDV","article_modified_time":"2025-10-15T09:56:29+00:00","og_image":[{"url":"https:\/\/btv-ehdv.be\/wp-content\/uploads\/2025\/07\/rundvee.svg","type":"","width":"","height":""}],"twitter_card":"summary_large_image","twitter_misc":{"Gesch\u00e4tzte Lesezeit":"5\u00a0Minuten"},"schema":{"@context":"https:\/\/schema.org","@graph":[{"@type":"WebPage","@id":"https:\/\/btv-ehdv.be\/de\/","url":"https:\/\/btv-ehdv.be\/de\/","name":"Home - BTV-EHDV","isPartOf":{"@id":"https:\/\/btv-ehdv.be\/de\/#website"},"primaryImageOfPage":{"@id":"https:\/\/btv-ehdv.be\/de\/#primaryimage"},"image":{"@id":"https:\/\/btv-ehdv.be\/de\/#primaryimage"},"thumbnailUrl":"https:\/\/btv-ehdv.be\/wp-content\/uploads\/2025\/07\/rundvee.svg","datePublished":"2025-07-17T08:54:48+00:00","dateModified":"2025-10-15T09:56:29+00:00","breadcrumb":{"@id":"https:\/\/btv-ehdv.be\/de\/#breadcrumb"},"inLanguage":"de","potentialAction":[{"@type":"ReadAction","target":["https:\/\/btv-ehdv.be\/de\/"]}]},{"@type":"ImageObject","inLanguage":"de","@id":"https:\/\/btv-ehdv.be\/de\/#primaryimage","url":"https:\/\/btv-ehdv.be\/wp-content\/uploads\/2025\/07\/rundvee.svg","contentUrl":"https:\/\/btv-ehdv.be\/wp-content\/uploads\/2025\/07\/rundvee.svg"},{"@type":"BreadcrumbList","@id":"https:\/\/btv-ehdv.be\/de\/#breadcrumb","itemListElement":[{"@type":"ListItem","position":1,"name":"Home","item":"https:\/\/btv-ehdv.be\/de\/"},{"@type":"ListItem","position":2,"name":"Home"}]},{"@type":"WebSite","@id":"https:\/\/btv-ehdv.be\/de\/#website","url":"https:\/\/btv-ehdv.be\/de\/","name":"BTV-EHDV","description":"","potentialAction":[{"@type":"SearchAction","target":{"@type":"EntryPoint","urlTemplate":"https:\/\/btv-ehdv.be\/de\/?s={search_term_string}"},"query-input":{"@type":"PropertyValueSpecification","valueRequired":true,"valueName":"search_term_string"}}],"inLanguage":"de"}]}},"_links":{"self":[{"href":"https:\/\/btv-ehdv.be\/de\/wp-json\/wp\/v2\/pages\/291","targetHints":{"allow":["GET"]}}],"collection":[{"href":"https:\/\/btv-ehdv.be\/de\/wp-json\/wp\/v2\/pages"}],"about":[{"href":"https:\/\/btv-ehdv.be\/de\/wp-json\/wp\/v2\/types\/page"}],"author":[{"embeddable":true,"href":"https:\/\/btv-ehdv.be\/de\/wp-json\/wp\/v2\/users\/1"}],"replies":[{"embeddable":true,"href":"https:\/\/btv-ehdv.be\/de\/wp-json\/wp\/v2\/comments?post=291"}],"version-history":[{"count":31,"href":"https:\/\/btv-ehdv.be\/de\/wp-json\/wp\/v2\/pages\/291\/revisions"}],"predecessor-version":[{"id":1305,"href":"https:\/\/btv-ehdv.be\/de\/wp-json\/wp\/v2\/pages\/291\/revisions\/1305"}],"wp:attachment":[{"href":"https:\/\/btv-ehdv.be\/de\/wp-json\/wp\/v2\/media?parent=291"}],"curies":[{"name":"wp","href":"https:\/\/api.w.org\/{rel}","templated":true}]}}